{"id":1717,"date":"2020-02-03T10:22:57","date_gmt":"2020-02-03T09:22:57","guid":{"rendered":"https:\/\/topscorer.qodeinteractive.com\/?page_id=1717"},"modified":"2021-12-22T10:22:45","modified_gmt":"2021-12-22T09:22:45","slug":"contact-us","status":"publish","type":"page","link":"http:\/\/www.osijekcannons.hr\/index.php\/contact-us\/","title":{"rendered":"Kontakt"},"content":{"rendered":"<p>[vc_row row_content_width=&#8221;grid&#8221;][vc_column css=&#8221;.vc_custom_1624021582045{margin-top: -10px !important;padding-top: 120px !important;}&#8221; offset=&#8221;vc_col-lg-6 vc_col-md-12 vc_col-xs-12&#8243; el_class=&#8221;address-column&#8221; el_id=&#8221;osc_hover&#8221;]<div class=\"qodef-shortcode qodef-m  qodef-section-title qodef-alignment--left \">\n\t\t\t<h3 class=\"qodef-m-title\" style=\"margin-top: -11px\">\n\t\t\t\t\tPo\u0161alji poruku\t\t\t<\/h3>\n\t\t<p class=\"qodef-m-text\" style=\"margin-top: 14px\">Zanima te koliko se igra\u010da nalazi na terenu, \u0161to je s treningom u slu\u010daju ki\u0161e ili kako smo pro\u0161li na zadnjoj utakmici? Na pravom si mjestu. Ispuni obrazac i po\u0161alji upit. Komunikacija u ameri\u010dkom nogometu je izuzetno bitna. Zato informacije ispaljujemo brzo i jasno.<\/p>\n<\/div>[vc_empty_space][vc_column_text css=&#8221;.vc_custom_1623167400130{margin-bottom: 32px !important;}&#8221;]<\/p>\n<h4>Slu\u017ebene prostorije<\/h4>\n<p>[\/vc_column_text][vc_column_text css=&#8221;.vc_custom_1640164956454{margin-bottom: 21px !important;}&#8221;]<img loading=\"lazy\" decoding=\"async\" class=\"size-full wp-image-1076 alignleft\" src=\"https:\/\/topscorer.qodeinteractive.com\/wp-content\/uploads\/2020\/01\/sidearea-icons-img-2.png\" alt=\"z\" width=\"17\" height=\"21\" \/>Prolaz Josipa Leovi\u0107a 11, 31000 Osijek, Hrvatska[\/vc_column_text]<div class=\"qodef-icon-list-item qodef-icon--custom-icon\" >\n\t    <p class=\"qodef-e-title\" style=\"color: #8a8a8a\">\n\t    <a itemprop=\"url\" href=\"tel:+385989971004\" target=\"_blank\">\n\t\t        <span class=\"qodef-e-title-inner\">\n\t\t\t\t\t<img loading=\"lazy\" decoding=\"async\" width=\"19\" height=\"18\" src=\"http:\/\/www.osijekcannons.hr\/wp-content\/uploads\/2020\/01\/sidearea-icons-img-3.png\" class=\"attachment-full size-full\" alt=\"m\" \/>            <span class=\"qodef-e-title-text\" style=\"margin: 0px 0px 0px 21px\">098 997 1004<\/span>\n\t\t\t<\/span>\n\t\t    <\/a>\n<\/p>\n<\/div>[vc_empty_space height=&#8221;21px&#8221;]<div class=\"qodef-icon-list-item qodef-icon--custom-icon\" >\n\t    <p class=\"qodef-e-title\" style=\"color: #8a8a8a\">\n\t    <a itemprop=\"url\" href=\"mailto:osijek.cannons@gmail.com\" target=\"_blank\">\n\t\t        <span class=\"qodef-e-title-inner\">\n\t\t\t\t\t<img loading=\"lazy\" decoding=\"async\" width=\"18\" height=\"18\" src=\"http:\/\/www.osijekcannons.hr\/wp-content\/uploads\/2020\/01\/sidearea-icons-img-4.png\" class=\"attachment-full size-full\" alt=\"d\" \/>            <span class=\"qodef-e-title-text\" style=\"margin: 0px 0px 0px 21px\">osijek.cannons@gmail.com<\/span>\n\t\t\t<\/span>\n\t\t    <\/a>\n<\/p>\n<\/div>[\/vc_column][vc_column offset=&#8221;vc_col-lg-6 vc_col-md-12 vc_col-xs-12&#8243; css=&#8221;.vc_custom_1580733894755{padding-top: 120px !important;padding-bottom: 120px !important;}&#8221;]\n<div class=\"wpcf7 no-js\" id=\"wpcf7-f1724-o1\" lang=\"en-US\" dir=\"ltr\" data-wpcf7-id=\"1724\">\n<div class=\"screen-reader-response\"><p role=\"status\" aria-live=\"polite\" aria-atomic=\"true\"><\/p> <ul><\/ul><\/div>\n<form action=\"\/index.php\/wp-json\/wp\/v2\/pages\/1717#wpcf7-f1724-o1\" method=\"post\" class=\"wpcf7-form init\" aria-label=\"Contact form\" novalidate=\"novalidate\" data-status=\"init\">\n<fieldset class=\"hidden-fields-container\"><input type=\"hidden\" name=\"_wpcf7\" value=\"1724\" \/><input type=\"hidden\" name=\"_wpcf7_version\" value=\"6.1.5\" \/><input type=\"hidden\" name=\"_wpcf7_locale\" value=\"en_US\" \/><input type=\"hidden\" name=\"_wpcf7_unit_tag\" value=\"wpcf7-f1724-o1\" \/><input type=\"hidden\" name=\"_wpcf7_container_post\" value=\"0\" \/><input type=\"hidden\" name=\"_wpcf7_posted_data_hash\" value=\"\" \/>\n<\/fieldset>\n<div class=\"mkdf-cf7-custom-style\">\n\t<p><label>Ime<\/label><span class=\"wpcf7-form-control-wrap\" data-name=\"your-name\"><input size=\"40\" maxlength=\"400\" class=\"wpcf7-form-control wpcf7-text wpcf7-validates-as-required\" aria-required=\"true\" aria-invalid=\"false\" value=\"\" type=\"text\" name=\"your-name\" \/><\/span><br \/>\n<label>Email<\/label><span class=\"wpcf7-form-control-wrap\" data-name=\"your-email\"><input size=\"40\" maxlength=\"400\" class=\"wpcf7-form-control wpcf7-email wpcf7-validates-as-required wpcf7-text wpcf7-validates-as-email\" aria-required=\"true\" aria-invalid=\"false\" value=\"\" type=\"email\" name=\"your-email\" \/><\/span><br \/>\n<label>Poruka<\/label><span class=\"wpcf7-form-control-wrap\" data-name=\"your-message\"><textarea cols=\"40\" rows=\"5\" maxlength=\"2000\" class=\"wpcf7-form-control wpcf7-textarea\" aria-invalid=\"false\" name=\"your-message\"><\/textarea><\/span><br \/>\n<button class=\"wpcf7-form-control wpcf7-submit qodef-button qodef-size--normal qodef-type--filled qodef-m\" type=\"submit\"><span class=\"qodef-m-text\">Po\u0161alji poruku<\/span><\/button>\n\t<\/p>\n<\/div><div class=\"wpcf7-response-output\" aria-hidden=\"true\"><\/div>\n<\/form>\n<\/div>\n[\/vc_column][\/vc_row]<\/p>\n","protected":false},"excerpt":{"rendered":"<p>[vc_row row_content_width=&#8221;grid&#8221;][vc_column css=&#8221;.vc_custom_1624021582045{margin-top: -10px !important;padding-top: 120px !important;}&#8221; offset=&#8221;vc_col-lg-6 vc_col-md-12 vc_col-xs-12&#8243; el_class=&#8221;address-column&#8221; el_id=&#8221;osc_hover&#8221;][vc_empty_space][vc_column_text css=&#8221;.vc_custom_1623167400130{margin-bottom: 32px !important;}&#8221;] Slu\u017ebene prostorije [\/vc_column_text][vc_column_text css=&#8221;.vc_custom_1640164956454{margin-bottom: 21px !important;}&#8221;]Prolaz Josipa Leovi\u0107a 11, 31000 Osijek, Hrvatska[\/vc_column_text][vc_empty_space height=&#8221;21px&#8221;][\/vc_column][vc_column offset=&#8221;vc_col-lg-6 vc_col-md-12 vc_col-xs-12&#8243; css=&#8221;.vc_custom_1580733894755{padding-top: 120px !important;padding-bottom: 120px !important;}&#8221;][\/vc_column][\/vc_row]<\/p>\n","protected":false},"author":1,"featured_media":0,"parent":0,"menu_order":0,"comment_status":"closed","ping_status":"closed","template":"page-full-width.php","meta":{"footnotes":""},"class_list":["post-1717","page","type-page","status-publish","hentry"],"_links":{"self":[{"href":"http:\/\/www.osijekcannons.hr\/index.php\/wp-json\/wp\/v2\/pages\/1717","targetHints":{"allow":["GET"]}}],"collection":[{"href":"http:\/\/www.osijekcannons.hr\/index.php\/wp-json\/wp\/v2\/pages"}],"about":[{"href":"http:\/\/www.osijekcannons.hr\/index.php\/wp-json\/wp\/v2\/types\/page"}],"author":[{"embeddable":true,"href":"http:\/\/www.osijekcannons.hr\/index.php\/wp-json\/wp\/v2\/users\/1"}],"replies":[{"embeddable":true,"href":"http:\/\/www.osijekcannons.hr\/index.php\/wp-json\/wp\/v2\/comments?post=1717"}],"version-history":[{"count":13,"href":"http:\/\/www.osijekcannons.hr\/index.php\/wp-json\/wp\/v2\/pages\/1717\/revisions"}],"predecessor-version":[{"id":3755,"href":"http:\/\/www.osijekcannons.hr\/index.php\/wp-json\/wp\/v2\/pages\/1717\/revisions\/3755"}],"wp:attachment":[{"href":"http:\/\/www.osijekcannons.hr\/index.php\/wp-json\/wp\/v2\/media?parent=1717"}],"curies":[{"name":"wp","href":"https:\/\/api.w.org\/{rel}","templated":true}]}}