{"id":3885,"date":"2023-04-03T10:27:42","date_gmt":"2023-04-03T08:27:42","guid":{"rendered":"https:\/\/www.osijekcannons.hr\/?page_id=3885"},"modified":"2023-04-05T12:13:07","modified_gmt":"2023-04-05T10:13:07","slug":"clanstvo","status":"publish","type":"page","link":"https:\/\/www.osijekcannons.hr\/index.php\/clanstvo\/","title":{"rendered":"\u010clanstvo"},"content":{"rendered":"<p>[vc_row css=&#8221;.vc_custom_1578051901202{background-color: #f7f7f7 !important;}&#8221;][vc_column css=&#8221;.vc_custom_1578051990817{padding-top: 0px !important;}&#8221;][vc_row_inner content_placement=&#8221;middle&#8221; row_content_width=&#8221;grid&#8221; enable_dots_background=&#8221;yes&#8221; background_dots_align=&#8221;right&#8221; css=&#8221;.vc_custom_1581324339735{margin-right: 0px !important;margin-left: 0px !important;}&#8221; background_dots_top_position=&#8221;11%&#8221; background_dots_height=&#8221;80%&#8221;][vc_column_inner css=&#8221;.vc_custom_1585216126835{padding-top: 120px !important;padding-right: 0px !important;padding-bottom: 120px !important;padding-left: 0px !important;}&#8221; offset=&#8221;vc_col-lg-6 vc_col-md-12 vc_col-xs-12&#8243; column_responsive_padding_1024=&#8221;120px 0px 120px&#8221; column_responsive_padding_680=&#8221;120px 0px 120px&#8221;]<div class=\"qodef-shortcode qodef-m  qodef-image-gallery  qodef-grid qodef-layout--columns  qodef-gutter--no qodef-col-num--1  qodef-responsive--predefined\">\n    <div class=\"qodef-grid-inner clear\">\n\t\t<div class=\"qodef-e qodef-image-wrapper qodef-grid-item\">\n\t\t\t<img loading=\"lazy\" decoding=\"async\" width=\"550\" height=\"429\" src=\"https:\/\/www.osijekcannons.hr\/wp-content\/uploads\/2023\/04\/iskaznica.png\" class=\"attachment-full size-full\" alt=\"\" srcset=\"https:\/\/www.osijekcannons.hr\/wp-content\/uploads\/2023\/04\/iskaznica.png 550w, https:\/\/www.osijekcannons.hr\/wp-content\/uploads\/2023\/04\/iskaznica-300x234.png 300w, https:\/\/www.osijekcannons.hr\/wp-content\/uploads\/2023\/04\/iskaznica-128x100.png 128w, https:\/\/www.osijekcannons.hr\/wp-content\/uploads\/2023\/04\/iskaznica-32x25.png 32w\" sizes=\"auto, (max-width: 550px) 100vw, 550px\" \/>\t<\/div>    <\/div>\n<\/div>[\/vc_column_inner][vc_column_inner css=&#8221;.vc_custom_1585216174736{margin-top: -11px !important;padding-right: 20% !important;padding-left: 12% !important;}&#8221; column_responsive_padding_1366=&#8221;0% 11% 0% 12%&#8221; offset=&#8221;vc_col-lg-6 vc_col-md-12 vc_col-xs-12&#8243; column_responsive_padding_1024=&#8221;0% 0px 120px&#8221; column_responsive_padding_680=&#8221;0% 0px 120px&#8221; column_responsive_padding_1280=&#8221;0% 10% 0% 12%&#8221;]<div class=\"qodef-shortcode qodef-m  qodef-section-title qodef-alignment--left \">\n\t\t\t<h2 class=\"qodef-m-title\" style=\"margin-top: -3px\">\n\t\t\t\t\tVoli\u0161 to \u0161to radimo?\t\t\t<\/h2>\n\t\t<p class=\"qodef-m-text\" >Pomozi nam da to radimo jo\u0161 bolje i postani podupiru\u0107i \u010dlan na\u0161eg kluba. Mi \u0107emo se pobrinuti da dobije\u0161 \u010dlansku iskaznicu, popuste na kupnju na Osijek Cannons asortiman i pozive na utakmice. Iako su to vrijedne stvari, one su samo to \u2013 stvari.<\/p>\n<\/div>[vc_empty_space height=&#8221;16px&#8221;]<div class=\"qodef-shortcode qodef-m  qodef-section-title qodef-alignment--left \">\n\t\t\t\t<p class=\"qodef-m-text\" >Ono \u0161to \u0107e te zapravo ispuniti i na \u0161to \u0107e\u0161 biti ponosan je da svoj grad \u010dini\u0161 bolji mjestom. Svojom nesebi\u010dnom gestom poma\u017ee\u0161 mali klub u radu, a mladima daje\u0161 priliku da se bave onime \u0161to vole. Ispuni on-line obrazac i uplati godi\u0161nju \u010dlanarinu u iznosu od 20 \u20ac. Mi se obvezujemo da \u0107emo tvoja sredstva ulagati za dobrobit kluba transparentno i savjesno.<\/p>\n<\/div>[\/vc_column_inner][\/vc_row_inner][\/vc_column][\/vc_row][vc_row row_content_width=&#8221;grid&#8221; content_text_alignment=&#8221;center&#8221; background_text_enable=&#8221;yes&#8221; background_text_align=&#8221;center&#8221; enable_dots_background=&#8221;no&#8221; background_text=&#8221;awards&#8221; background_text_color=&#8221;#f7f7f7&#8243; background_text_size=&#8221;350px&#8221; background_text_top_position=&#8221;-3.5%&#8221;][vc_column css=&#8221;.vc_custom_1680680420368{padding-top: 110px !important;padding-bottom: 90px !important;}&#8221;]<div class=\"qodef-shortcode qodef-m  qodef-section-title qodef-alignment--center \">\n\t\t\t<h2 class=\"qodef-m-title\" style=\"color: #000000;margin-top: -3px\">\n\t\t\t\t\t\u010clanstvom dobiva\u0161\t\t\t<\/h2>\n\t<\/div>[vc_empty_space height=&#8221;62px&#8221;][vc_row_inner][vc_column_inner css=&#8221;.vc_custom_1580396325061{padding-right: 55px !important;}&#8221; offset=&#8221;vc_col-lg-8 vc_col-md-12 vc_col-xs-12&#8243; column_responsive_padding_1024=&#8221;0px 0px 110px&#8221;][vc_column_text]<\/p>\n<ul>\n<li style=\"text-align: left;\">\u010dlansku iskaznicu<\/li>\n<li style=\"text-align: left;\">popust na sav Osijek Cannons asortiman<\/li>\n<li style=\"text-align: left;\">raspored utakmica i turnira u organizaciji kluba<\/li>\n<li style=\"text-align: left;\">pozive na sva klupska doga\u0111anja i dru\u017eenja<\/li>\n<li style=\"text-align: left;\">na\u0161u vje\u010dnu zahvalnost<\/li>\n<\/ul>\n<p>[\/vc_column_text][\/vc_column_inner][vc_column_inner offset=&#8221;vc_col-lg-4 vc_col-md-12 vc_col-xs-12&#8243;][vc_single_image image=&#8221;3910&#8243; img_size=&#8221;full&#8221; alignment=&#8221;center&#8221; css=&#8221;.vc_custom_1680685730633{margin-bottom: 0px !important;}&#8221;][\/vc_column_inner][\/vc_row_inner][vc_empty_space height=&#8221;62px&#8221;]<div class=\"qodef-shortcode qodef-m  qodef-section-title qodef-alignment--center \">\n\t\t\t<h2 class=\"qodef-m-title\" style=\"color: #000000;margin-top: -3px\">\n\t\t\t\t\t\u010clan u tri koraka\t\t\t<\/h2>\n\t<\/div>[vc_empty_space height=&#8221;62px&#8221;][vc_row_inner][vc_column_inner css=&#8221;.vc_custom_1580396325061{padding-right: 55px !important;}&#8221; offset=&#8221;vc_col-lg-8 vc_col-md-12 vc_col-xs-12&#8243; column_responsive_padding_1024=&#8221;0px 0px 110px&#8221;]<div class=\"qodef-shortcode qodef-m  qodef-section-title qodef-alignment--left \">\n\t\t\t<h4 class=\"qodef-m-title\" style=\"margin-top: -7px\">\n\t\t\t\t\tpopuni obrazac\t\t\t<\/h4>\n\t\t<p class=\"qodef-m-text\" style=\"margin-top: 14px\">Popuni kratki on-line obrazac koji nam slu\u017ei da te lak\u0161e kontaktiramo.  Obrazac se nalazi na linku ispod.<\/p>\n<\/div>[vc_empty_space height=&#8221;42px&#8221;]<div class=\"qodef-shortcode qodef-m  qodef-section-title qodef-alignment--left \">\n\t\t\t<h4 class=\"qodef-m-title\" style=\"margin-top: -7px\">\n\t\t\t\t\tuplati godi\u0161nju \u010dlanarinu\t\t\t<\/h4>\n\t\t<p class=\"qodef-m-text\" style=\"margin-top: 14px\">Uplati godi\u0161nju \u010dlanarinu u iznosu od 20,00 \u20ac na ra\u010dun kluba. <\/p>\n<\/div>[vc_empty_space height=&#8221;42px&#8221;]<div class=\"qodef-shortcode qodef-m  qodef-section-title qodef-alignment--left \">\n\t\t\t<h4 class=\"qodef-m-title\" style=\"margin-top: -7px\">\n\t\t\t\t\tpri\u010dekaj dostavlja\u010da\t\t\t<\/h4>\n\t\t<p class=\"qodef-m-text\" style=\"margin-top: 14px\">Ovo je zadnji i najte\u017ei korak. Svatko tko je \u010dekao dostavu slo\u017eit \u0107e se s nama. <\/p>\n<\/div>[\/vc_column_inner][vc_column_inner offset=&#8221;vc_col-lg-4 vc_col-md-12 vc_col-xs-12&#8243;][vc_single_image image=&#8221;3914&#8243; img_size=&#8221;full&#8221; alignment=&#8221;center&#8221; css=&#8221;.vc_custom_1680687215690{margin-bottom: 0px !important;}&#8221;][\/vc_column_inner][\/vc_row_inner][vc_empty_space height=&#8221;62px&#8221;]<a class=\"qodef-shortcode qodef-m  qodef-button qodef-layout--outlined  qodef-html--link\" href=\"http:\/\/bit.ly\/3Mj9Hsb\" target=\"_blank\" data-hover-color=\"#ffffff\" style=\"color: #0d0d0d;border-color: #bfbfbf\">\n\t<span class=\"qodef-m-text\">Popuni obrazac<\/span>\n\t<span class=\"qodef-m-background-holder\" style=\"background-color: #00a1e9\"><\/span>\n<\/a>[\/vc_column][\/vc_row]<\/p>\n","protected":false},"excerpt":{"rendered":"<p>[vc_row css=&#8221;.vc_custom_1578051901202{background-color: #f7f7f7 !important;}&#8221;][vc_column css=&#8221;.vc_custom_1578051990817{padding-top: 0px !important;}&#8221;][vc_row_inner content_placement=&#8221;middle&#8221; row_content_width=&#8221;grid&#8221; enable_dots_background=&#8221;yes&#8221; background_dots_align=&#8221;right&#8221; css=&#8221;.vc_custom_1581324339735{margin-right: 0px !important;margin-left: 0px !important;}&#8221; background_dots_top_position=&#8221;11%&#8221; background_dots_height=&#8221;80%&#8221;][vc_column_inner css=&#8221;.vc_custom_1585216126835{padding-top: 120px !important;padding-right: 0px !important;padding-bottom: 120px !important;padding-left: 0px !important;}&#8221; offset=&#8221;vc_col-lg-6 vc_col-md-12 vc_col-xs-12&#8243; column_responsive_padding_1024=&#8221;120px 0px 120px&#8221; column_responsive_padding_680=&#8221;120px 0px 120px&#8221;][\/vc_column_inner][vc_column_inner css=&#8221;.vc_custom_1585216174736{margin-top: -11px !important;padding-right: 20% !important;padding-left: 12% !important;}&#8221; column_responsive_padding_1366=&#8221;0% 11% 0% 12%&#8221; offset=&#8221;vc_col-lg-6 vc_col-md-12 vc_col-xs-12&#8243; column_responsive_padding_1024=&#8221;0% 0px 120px&#8221; column_responsive_padding_680=&#8221;0% 0px [&hellip;]<\/p>\n","protected":false},"author":1,"featured_media":0,"parent":0,"menu_order":0,"comment_status":"closed","ping_status":"closed","template":"","meta":{"footnotes":""},"class_list":["post-3885","page","type-page","status-publish","hentry"],"_links":{"self":[{"href":"https:\/\/www.osijekcannons.hr\/index.php\/wp-json\/wp\/v2\/pages\/3885","targetHints":{"allow":["GET"]}}],"collection":[{"href":"https:\/\/www.osijekcannons.hr\/index.php\/wp-json\/wp\/v2\/pages"}],"about":[{"href":"https:\/\/www.osijekcannons.hr\/index.php\/wp-json\/wp\/v2\/types\/page"}],"author":[{"embeddable":true,"href":"https:\/\/www.osijekcannons.hr\/index.php\/wp-json\/wp\/v2\/users\/1"}],"replies":[{"embeddable":true,"href":"https:\/\/www.osijekcannons.hr\/index.php\/wp-json\/wp\/v2\/comments?post=3885"}],"version-history":[{"count":16,"href":"https:\/\/www.osijekcannons.hr\/index.php\/wp-json\/wp\/v2\/pages\/3885\/revisions"}],"predecessor-version":[{"id":3920,"href":"https:\/\/www.osijekcannons.hr\/index.php\/wp-json\/wp\/v2\/pages\/3885\/revisions\/3920"}],"wp:attachment":[{"href":"https:\/\/www.osijekcannons.hr\/index.php\/wp-json\/wp\/v2\/media?parent=3885"}],"curies":[{"name":"wp","href":"https:\/\/api.w.org\/{rel}","templated":true}]}}