{"id":3972,"date":"2023-11-23T12:10:44","date_gmt":"2023-11-23T11:10:44","guid":{"rendered":"https:\/\/www.osijekcannons.hr\/?page_id=3972"},"modified":"2023-11-26T12:39:51","modified_gmt":"2023-11-26T11:39:51","slug":"pravila","status":"publish","type":"page","link":"https:\/\/www.osijekcannons.hr\/index.php\/pravila\/","title":{"rendered":"Pravila"},"content":{"rendered":"<p>[vc_row css=&#8221;.vc_custom_1700998456275{margin-top: 80px !important;margin-bottom: 60px !important;}&#8221;][vc_column][vc_column_text]<span style=\"font-weight: 400;\">Ameri\u010dki nogomet je jedan od najdinami\u010dnijih sportova dana\u0161njice. Svaka akcija nosi nova uzbu\u0111enja, a jedini miran period je izme\u0111u dvije akcije kada ekipe odlu\u010duju \u0161to \u0107e u\u010diniti sljede\u0107e. Neki igra\u010di su krupni i sna\u017eni dok su drugi sitniji i brzi. U ovoj igri snaga je svakako neophodna, ali inteligencija, brzina i vje\u0161tina su podjednako bitne. Iako je ovo igra velike kompleksnosti, naro\u010dito na najvi\u0161em nivou, osnovna pravila su lako razumljiva.<\/span>[\/vc_column_text][\/vc_column][\/vc_row][vc_row css=&#8221;.vc_custom_1700998409536{margin-bottom: 80px !important;}&#8221;][vc_column width=&#8221;1\/2&#8243;][vc_single_image image=&#8221;3992&#8243; img_size=&#8221;full&#8221; alignment=&#8221;center&#8221; onclick=&#8221;custom_link&#8221; link=&#8221;https:\/\/www.osijekcannons.hr\/index.php\/pravila\/tackle-football\/&#8221;][\/vc_column][vc_column width=&#8221;1\/2&#8243;][vc_single_image image=&#8221;3993&#8243; img_size=&#8221;full&#8221; alignment=&#8221;center&#8221; onclick=&#8221;custom_link&#8221; link=&#8221;https:\/\/www.osijekcannons.hr\/index.php\/pravila\/flag-football\/&#8221;][\/vc_column][\/vc_row]<\/p>\n","protected":false},"excerpt":{"rendered":"<p>[vc_row css=&#8221;.vc_custom_1700998456275{margin-top: 80px !important;margin-bottom: 60px !important;}&#8221;][vc_column][vc_column_text]Ameri\u010dki nogomet je jedan od najdinami\u010dnijih sportova dana\u0161njice. Svaka akcija nosi nova uzbu\u0111enja, a jedini miran period je izme\u0111u dvije akcije kada ekipe odlu\u010duju \u0161to \u0107e u\u010diniti sljede\u0107e. Neki igra\u010di su krupni i sna\u017eni dok su drugi sitniji i brzi. U ovoj igri snaga je svakako neophodna, ali inteligencija, brzina [&hellip;]<\/p>\n","protected":false},"author":1,"featured_media":0,"parent":0,"menu_order":0,"comment_status":"closed","ping_status":"closed","template":"","meta":{"footnotes":""},"class_list":["post-3972","page","type-page","status-publish","hentry"],"_links":{"self":[{"href":"https:\/\/www.osijekcannons.hr\/index.php\/wp-json\/wp\/v2\/pages\/3972","targetHints":{"allow":["GET"]}}],"collection":[{"href":"https:\/\/www.osijekcannons.hr\/index.php\/wp-json\/wp\/v2\/pages"}],"about":[{"href":"https:\/\/www.osijekcannons.hr\/index.php\/wp-json\/wp\/v2\/types\/page"}],"author":[{"embeddable":true,"href":"https:\/\/www.osijekcannons.hr\/index.php\/wp-json\/wp\/v2\/users\/1"}],"replies":[{"embeddable":true,"href":"https:\/\/www.osijekcannons.hr\/index.php\/wp-json\/wp\/v2\/comments?post=3972"}],"version-history":[{"count":7,"href":"https:\/\/www.osijekcannons.hr\/index.php\/wp-json\/wp\/v2\/pages\/3972\/revisions"}],"predecessor-version":[{"id":3998,"href":"https:\/\/www.osijekcannons.hr\/index.php\/wp-json\/wp\/v2\/pages\/3972\/revisions\/3998"}],"wp:attachment":[{"href":"https:\/\/www.osijekcannons.hr\/index.php\/wp-json\/wp\/v2\/media?parent=3972"}],"curies":[{"name":"wp","href":"https:\/\/api.w.org\/{rel}","templated":true}]}}